{"id":5,"date":"2019-10-19T15:11:04","date_gmt":"2019-10-19T13:11:04","guid":{"rendered":"http:\/\/test.durbandesign.de\/index.php\/mesmerize\/"},"modified":"2022-01-11T17:28:32","modified_gmt":"2022-01-11T16:28:32","slug":"mesmerize","status":"publish","type":"page","link":"https:\/\/durbandesign.de\/","title":{"rendered":"Startseite"},"content":{"rendered":"\n<span id=\"page-top\"><\/span>\n<br><br>\n<br><br>\n\n\n\n<div class=\"wp-block-ab-animate\" data-scroll-class=\"fadeIn \" data-scroll-delay=\"3000\" data-scroll-threshold=\"50\">\n<div class=\"wp-block-ab-animate\" data-scroll-class=\"fadeIn \" data-scroll-delay=\"3\" data-scroll-threshold=\"44\">\n<div class=\"wp-block-ab-animate\" data-scroll-class=\" \" data-scroll-delay=\"0\" data-scroll-threshold=\"50\">\n<p><\/p>\n<\/div>\n<p style=\"text-align:center\" class=\"has-text-color has-huge-font-size has-white-color\">DIETER DURBAN DESIGN GMBH<br><strong>ATELIER F\u00dcR VISUELLE KOMMUNIKATION<\/strong><\/p>\n<p style=\"font-size:24px;text-align:center\" class=\"has-text-color has-white-color\">Werbeagentur f\u00fcr Print- und Online-Medien.<br>Engagiert, erfahren, sympathisch. Und immer f\u00fcr eine \u00dcberraschung gut.<br><br><\/p>\n<div class=\"wp-block-ab-animate\" data-scroll-class=\" \" data-scroll-delay=\"0\" data-scroll-threshold=\"50\">\n<p><\/p>\n<\/div>\n<div class=\"wp-block-image\"><figure class=\"aligncenter is-resized\"><img loading=\"lazy\" decoding=\"async\" src=\"https:\/\/durbandesign.de\/wp-content\/uploads\/pfeil.gif\" alt=\"\" class=\"wp-image-612\" width=\"75\" height=\"38\"><\/figure><\/div>\n<p><\/p>\n<\/div>\n<p><\/p>\n<\/div>\n\n\n\n<br><br>\n<br><br>\n<span id=\"arbeit\"><\/span>\n<br><br>\n\n\n\n<p class=\"has-white-background-color has-background\"><img loading=\"lazy\" decoding=\"async\" width=\"900\" height=\"450\" class=\"wp-image-389\" style=\"width: 900px;\" src=\"http:\/\/durbandesign.de\/wp-content\/uploads\/buhl_boxen2020_ddd_website-1.jpg\" alt=\"\" srcset=\"https:\/\/durbandesign.de\/wp-content\/uploads\/buhl_boxen2020_ddd_website-1.jpg 1200w, https:\/\/durbandesign.de\/wp-content\/uploads\/buhl_boxen2020_ddd_website-1-300x150.jpg 300w, https:\/\/durbandesign.de\/wp-content\/uploads\/buhl_boxen2020_ddd_website-1-768x384.jpg 768w, https:\/\/durbandesign.de\/wp-content\/uploads\/buhl_boxen2020_ddd_website-1-1024x512.jpg 1024w\" sizes=\"auto, (max-width: 900px) 100vw, 900px\" \/><br><span style=\"font-size:18px\"><b>Packaging-Design: Ausgezeichnete Verpackung f\u00fcr ausgezeichnete Software.<\/b><\/span><br>F\u00fcr unseren Kunden buhl konzipieren und entwickeln wir den Markenauftritt unterschiedlicher Produktlinien, darunter das steuer:Sparbuch, den Marktf\u00fchrer unter den Steuer-Programmen. Die Box im Verkauf steht dabei am Ende einer langen Reihe von Produktelementen, welche die Marke pr\u00e4gt und ausmacht: angefangen bei Wortmarken und Keyvisuals \u00fcber CD-Labels, DVD-Inlays, Buchtitel bis hin zu Beilegern, Anzeigen und Online-Bannern.<br><\/p>\n\n\n\n<br><br>\n<br><br>\n<br><br>\n<br><br>\n\n\n\n<p class=\"has-black-color has-white-background-color has-text-color has-background\"><img loading=\"lazy\" decoding=\"async\" width=\"900\" height=\"450\" class=\"wp-image-826\" style=\"width: 900px;\" src=\"http:\/\/durbandesign.de\/wp-content\/uploads\/thieme_ergopraxis_physiopraxis_website.jpg\" alt=\"\" srcset=\"https:\/\/durbandesign.de\/wp-content\/uploads\/thieme_ergopraxis_physiopraxis_website.jpg 1200w, https:\/\/durbandesign.de\/wp-content\/uploads\/thieme_ergopraxis_physiopraxis_website-300x150.jpg 300w, https:\/\/durbandesign.de\/wp-content\/uploads\/thieme_ergopraxis_physiopraxis_website-768x384.jpg 768w, https:\/\/durbandesign.de\/wp-content\/uploads\/thieme_ergopraxis_physiopraxis_website-1024x512.jpg 1024w\" sizes=\"auto, (max-width: 900px) 100vw, 900px\" \/><br><br><span style=\"font-size:18px\"><b>Zeitschriften-Design: Erfolgreiche Fachzeitschriften mit Mehrwert.<\/b><\/span> <br>Zusammen mit dem Redaktionsteam beim Stuttgarter Thieme-Verlage gestalten wir Deutschlands f\u00fchrende Fachzeitschriften f\u00fcr Ergo- und Physiotherapie. Sie vermitteln Hintergrundwissen und aktuelle News, Interviews und Reportagen interessant und abwechslungsreich, mit frischem lesefreudigem Layout. Kompetenz sicht- und erlebnisbar gemacht.<br><\/p>\n\n\n\n<br><br>\n<br><br>\n<br><br>\n<br><br>\n\n\n\n<p class=\"has-black-color has-white-background-color has-text-color has-background\"><img loading=\"lazy\" decoding=\"async\" width=\"900\" height=\"450\" class=\"wp-image-1415\" style=\"width: 900px;\" src=\"http:\/\/durbandesign.de\/wp-content\/uploads\/Hochzeitsfieberei.jpeg\" alt=\"\" srcset=\"https:\/\/durbandesign.de\/wp-content\/uploads\/Hochzeitsfieberei.jpeg 1200w, https:\/\/durbandesign.de\/wp-content\/uploads\/Hochzeitsfieberei-300x150.jpeg 300w, https:\/\/durbandesign.de\/wp-content\/uploads\/Hochzeitsfieberei-1024x512.jpeg 1024w, https:\/\/durbandesign.de\/wp-content\/uploads\/Hochzeitsfieberei-768x384.jpeg 768w, https:\/\/durbandesign.de\/wp-content\/uploads\/Hochzeitsfieberei-500x250.jpeg 500w, https:\/\/durbandesign.de\/wp-content\/uploads\/Hochzeitsfieberei-800x400.jpeg 800w\" sizes=\"auto, (max-width: 900px) 100vw, 900px\" \/><span style=\"font-size:18px\"><b>Eventservice Hochzeitsfieberei<\/b><\/span><strong> <\/strong><br>Wir bieten Hochzeits- als auch Eventplanung sowohl f\u00fcr den Endkunden als auch f\u00fcr Eventlocations an. Ganzheitliche Konzepte und Beratung f\u00fcr Eventlocations bei einer Neuausrichtung \u00fcbernehmen wir gerne. Die Betreuung und Weiterentwicklung der Marke www.hochzeitsfieberei.de dazu geh\u00f6rt die Organisation des Dienstleisternetzwerks und dessen Ausbau, Marketing, Print- und Onlinemedien, Blogbeitr\u00e4ge, Social Media, SEO, GoogleAds und Realisation von Ideen wie Vorteilspakete etc. f\u00fcr den Endkunden.  <br><\/p>\n\n\n\n<br><br>\n<br><br>\n<br><br>\n<br><br>\n\n\n\n<p class=\"has-white-background-color has-background\"><img loading=\"lazy\" decoding=\"async\" width=\"900\" height=\"675\" class=\"wp-image-396\" style=\"width: 900px;\" src=\"http:\/\/durbandesign.de\/wp-content\/uploads\/imfokus_newsletter_ddd_website.jpg\" alt=\"\" srcset=\"https:\/\/durbandesign.de\/wp-content\/uploads\/imfokus_newsletter_ddd_website.jpg 1200w, https:\/\/durbandesign.de\/wp-content\/uploads\/imfokus_newsletter_ddd_website-300x225.jpg 300w, https:\/\/durbandesign.de\/wp-content\/uploads\/imfokus_newsletter_ddd_website-768x576.jpg 768w, https:\/\/durbandesign.de\/wp-content\/uploads\/imfokus_newsletter_ddd_website-1024x768.jpg 1024w\" sizes=\"auto, (max-width: 900px) 100vw, 900px\" \/><br><br><span style=\"font-size:18px\"><strong>Newsletter-Design: Kommunikation mit Nutzen.<\/strong><\/span><br>F\u00fcr die Versicherungsbranche erstellen wir die komplette Dienstleitung f\u00fcr einen Kunden-Newsletter: aktuelle und informative Nachrichten rund ums Thema Versicherungen sorgen f\u00fcr eine starke Kundenbindung. Mit professioneller Aufmachung und individueller Anpassung ein perfektes Medium Kompetenz zu zeigen.<\/p>\n\n\n\n<br><br>\n<br><br>\n<br><br>\n<br><br>\n\n\n\n<p class=\"has-black-color has-white-background-color has-text-color has-background\"><img loading=\"lazy\" decoding=\"async\" width=\"900\" height=\"450\" class=\"wp-image-1091\" style=\"width: 900px;\" src=\"http:\/\/durbandesign.de\/wp-content\/uploads\/zimmer_ddd_website-1.jpg\" alt=\"\" srcset=\"https:\/\/durbandesign.de\/wp-content\/uploads\/zimmer_ddd_website-1.jpg 1200w, https:\/\/durbandesign.de\/wp-content\/uploads\/zimmer_ddd_website-1-300x150.jpg 300w, https:\/\/durbandesign.de\/wp-content\/uploads\/zimmer_ddd_website-1-768x384.jpg 768w, https:\/\/durbandesign.de\/wp-content\/uploads\/zimmer_ddd_website-1-1024x512.jpg 1024w\" sizes=\"auto, (max-width: 900px) 100vw, 900px\" \/><span style=\"font-size:18px\"><strong>Website\/Webshop-Design<\/strong><\/span><br>Komplexe Ingenieurskunst setzen wir f\u00fcr die Zimmer-D\u00e4mpfungstechnik in verst\u00e4ndliche Dokumentationen und verkaufsf\u00f6rdernde Pr\u00e4sentationen um. Daneben entwickelten wir einen Webshop, sowohl f\u00fcr den B2C- wie auch den B2B-Bereich. Sales-Manuals, Musterboxen und Pr\u00e4sentationspanels sind weitere relevante Elemente f\u00fcr einen eindrucksvollen internationalen Auftritt.<\/p>\n\n\n\n<br><br>\n<br><br>\n<br><br>\n<br><br>\n\n\n\n<p class=\"has-black-color has-white-background-color has-text-color has-background\"><img loading=\"lazy\" decoding=\"async\" width=\"900\" height=\"450\" class=\"wp-image-1088\" style=\"width: 900px;\" src=\"http:\/\/durbandesign.de\/wp-content\/uploads\/fladt_ddd_website-3.jpg\" alt=\"\" srcset=\"https:\/\/durbandesign.de\/wp-content\/uploads\/fladt_ddd_website-3.jpg 1200w, https:\/\/durbandesign.de\/wp-content\/uploads\/fladt_ddd_website-3-300x150.jpg 300w, https:\/\/durbandesign.de\/wp-content\/uploads\/fladt_ddd_website-3-768x384.jpg 768w, https:\/\/durbandesign.de\/wp-content\/uploads\/fladt_ddd_website-3-1024x512.jpg 1024w\" sizes=\"auto, (max-width: 900px) 100vw, 900px\" \/><span style=\"font-size:18px\"><strong>Corporate-Design<\/strong><\/span><br>Logo, Gesch\u00e4ftspapiere, Flyer, Anzeigen, Website, die Gestaltung der Werbetechnik &#8230; f\u00fcr die innovativen Spezialisten der Feuerwehrtechnik arbeiten wir mit allen Werbemedien f\u00fcr ein konsistentes Erscheinungsbild. Dabei liefern wir nicht nur 3D-Visualisierungen, sondern unterst\u00fctzen FLADT Engineering GmbH auch bei Fotografie und Messeauftritten.<br><\/p>\n\n\n\n<br><br>\n<br><br>\n\n\n\n<p class=\"has-text-align-center has-white-color has-text-color\" style=\"font-size:30px\"><strong><a href=\"https:\/\/durbandesign.de\/?page_id=1104\">-&gt; Zum Portfolio<\/a><\/strong><\/p>\n\n\n\n<span id=\"agentur\"><\/span>\n<br><br>\n<br><br>\n\n\n\n<figure class=\"wp-block-image size-large\"><img loading=\"lazy\" decoding=\"async\" width=\"1024\" height=\"329\" src=\"http:\/\/durbandesign.de\/wp-content\/uploads\/ddd_agentur-1-1024x329.jpg\" alt=\"\" class=\"wp-image-1294\" srcset=\"https:\/\/durbandesign.de\/wp-content\/uploads\/ddd_agentur-1-1024x329.jpg 1024w, https:\/\/durbandesign.de\/wp-content\/uploads\/ddd_agentur-1-300x96.jpg 300w, https:\/\/durbandesign.de\/wp-content\/uploads\/ddd_agentur-1-768x246.jpg 768w, https:\/\/durbandesign.de\/wp-content\/uploads\/ddd_agentur-1-500x160.jpg 500w, https:\/\/durbandesign.de\/wp-content\/uploads\/ddd_agentur-1-800x257.jpg 800w, https:\/\/durbandesign.de\/wp-content\/uploads\/ddd_agentur-1.jpg 1200w\" sizes=\"auto, (max-width: 1024px) 100vw, 1024px\" \/><\/figure>\n\n\n\n<p class=\"has-white-background-color has-background\"><strong>Design ist unsere Berufung. Nutzen Sie unsere langj\u00e4hrige Erfahrung in Branding, Medienentwicklung und Corporate-Design.<\/strong><br>Wir vertrauen nicht dem schnellen Effekt, sondern arbeiten auf den langfristigen Erfolg hin. Kreativ, individuell, flexibel, versiert. Immer auf der Suche nach der optimalen L\u00f6sung.<br>Unser Ansatz dabei ist ganzheitlich. Wenn Sie nur ein Plakat m\u00f6chten, auch gut. Aber unsere Kompetenz geht \u00fcber das reine Gestalten hinaus. Wir hinterfragen. Wir setzen uns mit Ihnen und Ihren Zielen auseinander.<br>Nutzen Sie drei\u00dfig Jahre Erfahrung im Umgang mit unterschiedlichsten Kommunikationsformen und -mitteln.<\/p>\n\n\n\n<p><\/p>\n\n\n\n<span id=\"kontakt\"><\/span>\n<br><br>\n<br><br>\n\n\n\t\t\t<div \n\t\t\tclass=\"wp-block-uagb-google-map uagb-google-map__wrap uagb-block-b90d3534     \"\n\t\t\tstyle=\"\" >\n\t\t\t\t <div class=\"brlbs-cmpnt-container brlbs-cmpnt-content-blocker uagb-google-map__iframe brlbs-cmpnt-with-individual-styles\" data-borlabs-cookie-content-blocker-id=\"google-maps-spectra\" data-borlabs-cookie-content=\"PGVtYmVkCgkJCQkJY2xhc3M9InVhZ2ItZ29vZ2xlLW1hcF9faWZyYW1lIgoJCQkJCXRpdGxlPSJHb29nbGUgTWFwIGZvciAiCgkJCQkJc3JjPSJodHRwczovL21hcHMuZ29vZ2xlLmNvbS9tYXBzP3E9SGF1cHRzdHJhJUMzJTlGZSUyMDEzJTJDJTIwNzc4NjYmej0xNiZobD1lbiZ0PW0mb3V0cHV0PWVtYmVkJml3bG9jPW5lYXIiCgkJCQkJd2lkdGg9IjY0MCIKCQkJCQloZWlnaHQ9IjMwMCIKCQkJCQlsb2FkaW5nPSJsYXp5IgoJCQkJPjwvZW1iZWQ+\"><div class=\"brlbs-cmpnt-cb-preset-b brlbs-cmpnt-cb-google-maps-spectra\"> <div class=\"brlbs-cmpnt-cb-thumbnail\" style=\"background-image: url('https:\/\/durbandesign.de\/wp-content\/uploads\/borlabs-cookie\/1\/brlbs-cb-google-maps-main.png')\"><\/div> <div class=\"brlbs-cmpnt-cb-main\"> <div class=\"brlbs-cmpnt-cb-content\"> <p class=\"brlbs-cmpnt-cb-description\">Sie sehen gerade einen Platzhalterinhalt von <strong>Google Maps<\/strong>. Um auf den eigentlichen Inhalt zuzugreifen, klicken Sie auf die Schaltfl\u00e4che unten. Bitte beachten Sie, dass dabei Daten an Drittanbieter weitergegeben werden.<\/p> <a class=\"brlbs-cmpnt-cb-provider-toggle\" href=\"#\" data-borlabs-cookie-show-provider-information role=\"button\">Mehr Informationen<\/a> <\/div> <div class=\"brlbs-cmpnt-cb-buttons\"> <a class=\"brlbs-cmpnt-cb-btn\" href=\"#\" data-borlabs-cookie-unblock role=\"button\">Inhalt entsperren<\/a> <a class=\"brlbs-cmpnt-cb-btn\" href=\"#\" data-borlabs-cookie-accept-service role=\"button\" style=\"display: inherit\">Erforderlichen Service akzeptieren und Inhalte entsperren<\/a> <\/div> <\/div> <\/div><\/div>\n\t\t\t<\/div>\n\t\t\t\n\n\n<p class=\"has-text-align-center has-white-background-color has-background\"><br><span style=\"font-size:18px\"><strong>Was k\u00f6nnen wir f\u00fcr Sie tun?<\/strong><\/span><br>Dieter Durban Design GmbH<br>Hauptstra\u00dfe 13<br>77866 Rheinau-Freistett<br><br>Tel.: +49 7844 988 13<br>Fax: +49 7844 9119 866<br><a href=\"mailto:info@durbandesign.com\">info@durbandesign.com<\/a><br><br><\/p>\n","protected":false},"excerpt":{"rendered":"<p>DIETER DURBAN DESIGN GMBHATELIER F\u00dcR VISUELLE KOMMUNIKATION Werbeagentur f\u00fcr Print- und Online-Medien.Engagiert, erfahren, sympathisch. Und immer f\u00fcr eine \u00dcberraschung gut. Packaging-Design: Ausgezeichnete Verpackung f\u00fcr ausgezeichnete Software.F\u00fcr unseren Kunden buhl konzipieren und entwickeln wir den Markenauftritt unterschiedlicher Produktlinien, darunter das steuer:Sparbuch, den Marktf\u00fchrer unter den Steuer-Programmen. Die Box im Verkauf steht dabei am Ende einer langen&hellip;&nbsp;<a href=\"https:\/\/durbandesign.de\/\" class=\"\" rel=\"bookmark\">Weiterlesen &raquo;<span class=\"screen-reader-text\">Startseite<\/span><\/a><\/p>\n","protected":false},"author":3,"featured_media":0,"parent":0,"menu_order":0,"comment_status":"closed","ping_status":"closed","template":"","meta":{"_uag_custom_page_level_css":"","neve_meta_sidebar":"","neve_meta_container":"","neve_meta_enable_content_width":"on","neve_meta_content_width":100,"neve_meta_title_alignment":"","neve_meta_author_avatar":"","neve_post_elements_order":"","neve_meta_disable_header":"","neve_meta_disable_footer":"","neve_meta_disable_title":"on","_themeisle_gutenberg_block_has_review":false,"_vp_format_video_url":"","_vp_image_focal_point":[],"footnotes":""},"class_list":["post-5","page","type-page","status-publish","hentry"],"uagb_featured_image_src":{"full":false,"thumbnail":false,"medium":false,"medium_large":false,"large":false,"1536x1536":false,"2048x2048":false,"vp_sm":false,"vp_md":false,"vp_lg":false,"vp_xl":false,"vp_sm_popup":false,"vp_md_popup":false,"vp_xl_popup":false,"neve-blog":false},"uagb_author_info":{"display_name":"DurbanDesign","author_link":"https:\/\/durbandesign.de\/?author=3"},"uagb_comment_info":0,"uagb_excerpt":"DIETER DURBAN DESIGN GMBHATELIER F\u00dcR VISUELLE KOMMUNIKATION Werbeagentur f\u00fcr Print- und Online-Medien.Engagiert, erfahren, sympathisch. Und immer f\u00fcr eine \u00dcberraschung gut. Packaging-Design: Ausgezeichnete Verpackung f\u00fcr ausgezeichnete Software.F\u00fcr unseren Kunden buhl konzipieren und entwickeln wir den Markenauftritt unterschiedlicher Produktlinien, darunter das steuer:Sparbuch, den Marktf\u00fchrer unter den Steuer-Programmen. Die Box im Verkauf steht dabei am Ende einer langen&hellip;&nbsp;Weiterlesen&hellip;","_links":{"self":[{"href":"https:\/\/durbandesign.de\/index.php?rest_route=\/wp\/v2\/pages\/5","targetHints":{"allow":["GET"]}}],"collection":[{"href":"https:\/\/durbandesign.de\/index.php?rest_route=\/wp\/v2\/pages"}],"about":[{"href":"https:\/\/durbandesign.de\/index.php?rest_route=\/wp\/v2\/types\/page"}],"author":[{"embeddable":true,"href":"https:\/\/durbandesign.de\/index.php?rest_route=\/wp\/v2\/users\/3"}],"replies":[{"embeddable":true,"href":"https:\/\/durbandesign.de\/index.php?rest_route=%2Fwp%2Fv2%2Fcomments&post=5"}],"version-history":[{"count":210,"href":"https:\/\/durbandesign.de\/index.php?rest_route=\/wp\/v2\/pages\/5\/revisions"}],"predecessor-version":[{"id":1529,"href":"https:\/\/durbandesign.de\/index.php?rest_route=\/wp\/v2\/pages\/5\/revisions\/1529"}],"wp:attachment":[{"href":"https:\/\/durbandesign.de\/index.php?rest_route=%2Fwp%2Fv2%2Fmedia&parent=5"}],"curies":[{"name":"wp","href":"https:\/\/api.w.org\/{rel}","templated":true}]}}